{"id":24,"date":"2018-10-04T09:37:11","date_gmt":"2018-10-04T09:37:11","guid":{"rendered":"https:\/\/platino.iuma.ulpgc.es\/?page_id=24"},"modified":"2018-10-24T09:48:23","modified_gmt":"2018-10-24T09:48:23","slug":"objetivos","status":"publish","type":"page","link":"https:\/\/platino.iuma.ulpgc.es\/?page_id=24","title":{"rendered":"Objetivos"},"content":{"rendered":"<p style=\"text-align: center;\"><span style=\"font-size: 24pt;\"><strong>OBJETIVOS<\/strong><\/span><\/p>\n<table style=\"border-collapse: collapse; width: 100%;\" border=\"1\">\n<tbody>\n<tr>\n<td style=\"width: 28.0798%; text-align: center; vertical-align: middle; border-style: hidden;\"><img loading=\"lazy\" decoding=\"async\" class=\"size-medium wp-image-76\" src=\"https:\/\/platino.iuma.ulpgc.es\/wp-content\/uploads\/2018\/10\/Fotolia_41799497_XL-300x201.jpg\" alt=\"\" width=\"300\" height=\"201\" srcset=\"https:\/\/platino.iuma.ulpgc.es\/wp-content\/uploads\/2018\/10\/Fotolia_41799497_XL-300x201.jpg 300w, https:\/\/platino.iuma.ulpgc.es\/wp-content\/uploads\/2018\/10\/Fotolia_41799497_XL-768x514.jpg 768w, https:\/\/platino.iuma.ulpgc.es\/wp-content\/uploads\/2018\/10\/Fotolia_41799497_XL-1024x685.jpg 1024w, https:\/\/platino.iuma.ulpgc.es\/wp-content\/uploads\/2018\/10\/Fotolia_41799497_XL-570x380.jpg 570w, https:\/\/platino.iuma.ulpgc.es\/wp-content\/uploads\/2018\/10\/Fotolia_41799497_XL-380x254.jpg 380w, https:\/\/platino.iuma.ulpgc.es\/wp-content\/uploads\/2018\/10\/Fotolia_41799497_XL-285x190.jpg 285w\" sizes=\"auto, (max-width: 300px) 100vw, 300px\" \/><\/p>\n<p>&nbsp;<\/td>\n<td style=\"width: 71.9202%; text-align: center; vertical-align: middle; border-style: hidden;\"><span style=\"font-size: 18pt; font-family: arial, helvetica, sans-serif;\"><strong>Optimizar<\/strong> la adquisici\u00f3n de datos capturados mediante <strong>sensores hiperespectrales y fot\u00f3nicos<\/strong> de \u00faltima generaci\u00f3n.<\/span><\/p>\n<p>&nbsp;<\/td>\n<\/tr>\n<tr>\n<td style=\"width: 28.0798%; text-align: center; vertical-align: middle; border-style: hidden;\"><img loading=\"lazy\" decoding=\"async\" class=\"size-medium wp-image-77\" src=\"https:\/\/platino.iuma.ulpgc.es\/wp-content\/uploads\/2018\/10\/Fotolia_8529540_XL-300x200.jpg\" alt=\"\" width=\"300\" height=\"200\" srcset=\"https:\/\/platino.iuma.ulpgc.es\/wp-content\/uploads\/2018\/10\/Fotolia_8529540_XL-300x200.jpg 300w, https:\/\/platino.iuma.ulpgc.es\/wp-content\/uploads\/2018\/10\/Fotolia_8529540_XL-768x512.jpg 768w, https:\/\/platino.iuma.ulpgc.es\/wp-content\/uploads\/2018\/10\/Fotolia_8529540_XL-1024x683.jpg 1024w, https:\/\/platino.iuma.ulpgc.es\/wp-content\/uploads\/2018\/10\/Fotolia_8529540_XL-570x380.jpg 570w, https:\/\/platino.iuma.ulpgc.es\/wp-content\/uploads\/2018\/10\/Fotolia_8529540_XL-380x254.jpg 380w, https:\/\/platino.iuma.ulpgc.es\/wp-content\/uploads\/2018\/10\/Fotolia_8529540_XL-285x190.jpg 285w\" sizes=\"auto, (max-width: 300px) 100vw, 300px\" \/><\/p>\n<p>&nbsp;<\/td>\n<td style=\"width: 71.9202%; text-align: center; vertical-align: middle; border-style: hidden;\"><span style=\"font-size: 18pt; font-family: arial, helvetica, sans-serif;\">Dise\u00f1ar <strong>algoritmos eficientes<\/strong> para el procesado de informaci\u00f3n sensorial compleja.<\/span><\/p>\n<p>&nbsp;<\/td>\n<\/tr>\n<tr>\n<td style=\"width: 28.0798%; text-align: center; vertical-align: middle; border-style: hidden;\"><img loading=\"lazy\" decoding=\"async\" class=\"alignnone size-medium wp-image-182\" src=\"https:\/\/platino.iuma.ulpgc.es\/wp-content\/uploads\/2018\/10\/Fotolia_3716439_XXL-300x225.jpg\" alt=\"\" width=\"300\" height=\"225\" srcset=\"https:\/\/platino.iuma.ulpgc.es\/wp-content\/uploads\/2018\/10\/Fotolia_3716439_XXL-300x225.jpg 300w, https:\/\/platino.iuma.ulpgc.es\/wp-content\/uploads\/2018\/10\/Fotolia_3716439_XXL-768x576.jpg 768w, https:\/\/platino.iuma.ulpgc.es\/wp-content\/uploads\/2018\/10\/Fotolia_3716439_XXL-1024x768.jpg 1024w, https:\/\/platino.iuma.ulpgc.es\/wp-content\/uploads\/2018\/10\/Fotolia_3716439_XXL-380x285.jpg 380w, https:\/\/platino.iuma.ulpgc.es\/wp-content\/uploads\/2018\/10\/Fotolia_3716439_XXL-285x214.jpg 285w\" sizes=\"auto, (max-width: 300px) 100vw, 300px\" \/><\/p>\n<p>&nbsp;<\/td>\n<td style=\"width: 71.9202%; text-align: center; vertical-align: middle; border-style: hidden;\"><span style=\"font-size: 18pt; font-family: arial, helvetica, sans-serif;\">Crear una <strong>infraestructura de red segura<\/strong> para el transporte y <strong>procesamiento distribuido<\/strong> de datos capturados por sensores heterog\u00e9neos.<\/span><\/p>\n<p>&nbsp;<\/td>\n<\/tr>\n<tr>\n<td style=\"width: 28.0798%; text-align: center; vertical-align: middle; border-style: hidden;\"><img loading=\"lazy\" decoding=\"async\" class=\"size-medium wp-image-186\" src=\"https:\/\/platino.iuma.ulpgc.es\/wp-content\/uploads\/2018\/10\/Fotolia_1098292_L-300x202.jpg\" alt=\"\" width=\"300\" height=\"202\" srcset=\"https:\/\/platino.iuma.ulpgc.es\/wp-content\/uploads\/2018\/10\/Fotolia_1098292_L-300x202.jpg 300w, https:\/\/platino.iuma.ulpgc.es\/wp-content\/uploads\/2018\/10\/Fotolia_1098292_L-768x517.jpg 768w, https:\/\/platino.iuma.ulpgc.es\/wp-content\/uploads\/2018\/10\/Fotolia_1098292_L-1024x690.jpg 1024w, https:\/\/platino.iuma.ulpgc.es\/wp-content\/uploads\/2018\/10\/Fotolia_1098292_L-380x254.jpg 380w\" sizes=\"auto, (max-width: 300px) 100vw, 300px\" \/><\/p>\n<p>&nbsp;<\/td>\n<td style=\"width: 71.9202%; text-align: center; vertical-align: middle; border-style: hidden;\"><span style=\"font-size: 18pt; font-family: arial, helvetica, sans-serif;\">Desarrollar <strong>tecnolog\u00edas eficientes y flexibles<\/strong> de procesamiento de datos de acuerdo a los requisitos de los diferentes escenarios.<\/span><\/p>\n<p>&nbsp;<\/td>\n<\/tr>\n<tr>\n<td style=\"width: 28.0798%; text-align: center; vertical-align: middle; border-style: hidden;\"><img loading=\"lazy\" decoding=\"async\" class=\"alignnone size-medium wp-image-196\" src=\"https:\/\/platino.iuma.ulpgc.es\/wp-content\/uploads\/2018\/10\/Fotolia_20367007_L-300x200.jpg\" alt=\"\" width=\"300\" height=\"200\" srcset=\"https:\/\/platino.iuma.ulpgc.es\/wp-content\/uploads\/2018\/10\/Fotolia_20367007_L-300x200.jpg 300w, https:\/\/platino.iuma.ulpgc.es\/wp-content\/uploads\/2018\/10\/Fotolia_20367007_L-768x512.jpg 768w, https:\/\/platino.iuma.ulpgc.es\/wp-content\/uploads\/2018\/10\/Fotolia_20367007_L-1024x683.jpg 1024w, https:\/\/platino.iuma.ulpgc.es\/wp-content\/uploads\/2018\/10\/Fotolia_20367007_L-570x380.jpg 570w, https:\/\/platino.iuma.ulpgc.es\/wp-content\/uploads\/2018\/10\/Fotolia_20367007_L-380x254.jpg 380w, https:\/\/platino.iuma.ulpgc.es\/wp-content\/uploads\/2018\/10\/Fotolia_20367007_L-285x190.jpg 285w\" sizes=\"auto, (max-width: 300px) 100vw, 300px\" \/><\/td>\n<td style=\"width: 71.9202%; text-align: center; vertical-align: middle; border-style: hidden;\"><span style=\"font-size: 18pt; font-family: arial, helvetica, sans-serif;\">Implementar sistemas expertos e <strong>interfaces de usuario de realidad mixta<\/strong> para la toma de decisiones en sistemas heterog\u00e9neos multi-sensoriales.<\/span><\/td>\n<\/tr>\n<\/tbody>\n<\/table>\n","protected":false},"excerpt":{"rendered":"<p>OBJETIVOS &nbsp; Optimizar la adquisici\u00f3n de datos capturados mediante sensores hiperespectrales y fot\u00f3nicos de \u00faltima generaci\u00f3n. &nbsp; &nbsp; Dise\u00f1ar algoritmos eficientes para el procesado de informaci\u00f3n sensorial compleja. &nbsp; &nbsp; Crear una infraestructura de red segura para el transporte y procesamiento distribuido de datos capturados por sensores heterog\u00e9neos. &nbsp; &nbsp; Desarrollar tecnolog\u00edas eficientes y flexibles<\/p>\n<p class=\"more-link\"><a href=\"https:\/\/platino.iuma.ulpgc.es\/?page_id=24\" class=\"themebutton\">Read More<\/a><\/p>\n","protected":false},"author":2,"featured_media":0,"parent":0,"menu_order":0,"comment_status":"closed","ping_status":"closed","template":"","meta":{"footnotes":""},"class_list":["post-24","page","type-page","status-publish","hentry"],"_links":{"self":[{"href":"https:\/\/platino.iuma.ulpgc.es\/index.php?rest_route=\/wp\/v2\/pages\/24","targetHints":{"allow":["GET"]}}],"collection":[{"href":"https:\/\/platino.iuma.ulpgc.es\/index.php?rest_route=\/wp\/v2\/pages"}],"about":[{"href":"https:\/\/platino.iuma.ulpgc.es\/index.php?rest_route=\/wp\/v2\/types\/page"}],"author":[{"embeddable":true,"href":"https:\/\/platino.iuma.ulpgc.es\/index.php?rest_route=\/wp\/v2\/users\/2"}],"replies":[{"embeddable":true,"href":"https:\/\/platino.iuma.ulpgc.es\/index.php?rest_route=%2Fwp%2Fv2%2Fcomments&post=24"}],"version-history":[{"count":54,"href":"https:\/\/platino.iuma.ulpgc.es\/index.php?rest_route=\/wp\/v2\/pages\/24\/revisions"}],"predecessor-version":[{"id":211,"href":"https:\/\/platino.iuma.ulpgc.es\/index.php?rest_route=\/wp\/v2\/pages\/24\/revisions\/211"}],"wp:attachment":[{"href":"https:\/\/platino.iuma.ulpgc.es\/index.php?rest_route=%2Fwp%2Fv2%2Fmedia&parent=24"}],"curies":[{"name":"wp","href":"https:\/\/api.w.org\/{rel}","templated":true}]}}