{"id":101,"date":"2018-10-04T17:01:26","date_gmt":"2018-10-04T17:01:26","guid":{"rendered":"https:\/\/platino.iuma.ulpgc.es\/?page_id=101"},"modified":"2018-10-09T16:50:44","modified_gmt":"2018-10-09T16:50:44","slug":"bienvenido-al-proyecto-platino","status":"publish","type":"page","link":"https:\/\/platino.iuma.ulpgc.es\/","title":{"rendered":"\u00a1Bienvenido al proyecto PLATINO!"},"content":{"rendered":"<p style=\"text-align: center;\"><strong><span style=\"font-size: 24pt;\">\u00a1Bienvenido al proyecto PLATINO!<\/span><\/strong><\/p>\n<p style=\"text-align: justify;\"><span style=\"font-size: 14pt;\">\u00a0 \u00a0 \u00a0 \u00a0 \u00a0 <span style=\"font-family: arial, helvetica, sans-serif;\"><span style=\"font-size: 18pt;\"><strong>E<\/strong><\/span>l proyecto PLATINO (Plataforma HW\/SW distribuida para el procesamiento inteligente de informaci\u00f3n sensorial heterog\u00e9nea en aplicaciones de supervisi\u00f3n de grandes espacios naturales) est\u00e1 financiado con m\u00e1s de 747.000 euros por el Ministerio de Ciencia, Innovaci\u00f3n y Universidades a trav\u00e9s de la convocatoria de 2017 del Programa Estatal de Investigaci\u00f3n, Desarrollo e Innovaci\u00f3n Orientada a los Retos de la Sociedad, en el marco del Plan Estatal de Investigaci\u00f3n Cient\u00edfica y T\u00e9cnica y de Innovaci\u00f3n.<\/span><\/span><\/p>\n<p style=\"text-align: justify;\"><span style=\"font-size: 14pt; font-family: arial, helvetica, sans-serif;\">\u00a0 \u00a0 \u00a0 \u00a0 \u00a0 En este proyecto participan, adem\u00e1s del Instituto Universitario de Microelectr\u00f3nica Aplicada (<a href=\"http:\/\/www.iuma.ulpgc.es\/\">IUMA<\/a>) de la <a href=\"https:\/\/www.ulpgc.es\/node\">ULPGC<\/a>, que act\u00faa como coordinador del proyecto, el Centro de Electr\u00f3nica Industrial (<a href=\"http:\/\/www.cei.upm.es\/\">CEI<\/a>) y el Centro de Investigaci\u00f3n en Tecnolog\u00edas Software y Sistemas Multimedia para la Sostenibilidad (<a href=\"https:\/\/www.citsem.upm.es\/index.php\/es\/\">CITSEM<\/a>), ambos de la Universidad Polit\u00e9cnica de Madrid (<a href=\"http:\/\/www.upm.es\/\">UPM<\/a>), el Grupo de Ingenier\u00eda Microelectr\u00f3nica (<a href=\"https:\/\/www.teisa.unican.es\/gim\/es\/index\">TEISA<\/a>) de la Universidad de Cantabria (<a href=\"https:\/\/web.unican.es\/\">UC<\/a>), y el grupo de Arquitectura y Redes de Computadores (<a href=\"http:\/\/www.arcoresearch.com\/\">ARCO<\/a>) de la Universidad de Castilla La Mancha (<a href=\"https:\/\/www.uclm.es\/\">UCLM<\/a>). Esta colaboraci\u00f3n es la tercera que, en forma de proyecto, a\u00fana los trabajos complementarios de estos cuatro grupos, integrando sus tecnolog\u00edas y aplic\u00e1ndolas a distintos \u00e1mbitos: proyecto DREAMS (2012-2014, coordinado por la <a href=\"http:\/\/www.upm.es\/\">UPM<\/a>, desarrollo de la tecnolog\u00eda b\u00e1sica), REBECCA (2015-2017, coordinado por la <a href=\"https:\/\/www.uclm.es\/\">UCLM<\/a>, integraci\u00f3n y aplicaci\u00f3n a ciudades inteligentes) y ahora PLATINO (2018-2020, coordinado por la <a href=\"https:\/\/www.ulpgc.es\/node\">ULPGC<\/a>, agricultura inteligente).<\/span><\/p>\n<p style=\"text-align: justify;\"><span style=\"font-size: 14pt; font-family: arial, helvetica, sans-serif;\">\u00a0 \u00a0 \u00a0 \u00a0 \u00a0 Los integrantes del proyecto PLATINO propondr\u00e1n, durante los tres a\u00f1os de duraci\u00f3n del proyecto, un conjunto de soluciones que permitan avanzar en el dise\u00f1o de plataformas distribuidas hardware\/software para el procesamiento inteligente de informaci\u00f3n sensorial heterog\u00e9nea. La viabilidad de las soluciones propuestas se demostrar\u00e1 en un escenario propio de la denominada agricultura inteligente, en el cual la introducci\u00f3n de este tipo de redes multisensoriales supone un extraordinario avance en t\u00e9rminos de producci\u00f3n econ\u00f3mica y de calidad y seguridad de los alimentos.<\/span><\/p>\n<p>&nbsp;<\/p>\n","protected":false},"excerpt":{"rendered":"<p>\u00a1Bienvenido al proyecto PLATINO! \u00a0 \u00a0 \u00a0 \u00a0 \u00a0 El proyecto PLATINO (Plataforma HW\/SW distribuida para el procesamiento inteligente de informaci\u00f3n sensorial heterog\u00e9nea en aplicaciones de supervisi\u00f3n de grandes espacios naturales) est\u00e1 financiado con m\u00e1s de 747.000 euros por el Ministerio de Ciencia, Innovaci\u00f3n y Universidades a trav\u00e9s de la convocatoria de 2017 del Programa<\/p>\n<p class=\"more-link\"><a href=\"https:\/\/platino.iuma.ulpgc.es\/\" class=\"themebutton\">Read More<\/a><\/p>\n","protected":false},"author":2,"featured_media":0,"parent":0,"menu_order":0,"comment_status":"closed","ping_status":"closed","template":"","meta":{"footnotes":""},"class_list":["post-101","page","type-page","status-publish","hentry"],"_links":{"self":[{"href":"https:\/\/platino.iuma.ulpgc.es\/index.php?rest_route=\/wp\/v2\/pages\/101","targetHints":{"allow":["GET"]}}],"collection":[{"href":"https:\/\/platino.iuma.ulpgc.es\/index.php?rest_route=\/wp\/v2\/pages"}],"about":[{"href":"https:\/\/platino.iuma.ulpgc.es\/index.php?rest_route=\/wp\/v2\/types\/page"}],"author":[{"embeddable":true,"href":"https:\/\/platino.iuma.ulpgc.es\/index.php?rest_route=\/wp\/v2\/users\/2"}],"replies":[{"embeddable":true,"href":"https:\/\/platino.iuma.ulpgc.es\/index.php?rest_route=%2Fwp%2Fv2%2Fcomments&post=101"}],"version-history":[{"count":9,"href":"https:\/\/platino.iuma.ulpgc.es\/index.php?rest_route=\/wp\/v2\/pages\/101\/revisions"}],"predecessor-version":[{"id":171,"href":"https:\/\/platino.iuma.ulpgc.es\/index.php?rest_route=\/wp\/v2\/pages\/101\/revisions\/171"}],"wp:attachment":[{"href":"https:\/\/platino.iuma.ulpgc.es\/index.php?rest_route=%2Fwp%2Fv2%2Fmedia&parent=101"}],"curies":[{"name":"wp","href":"https:\/\/api.w.org\/{rel}","templated":true}]}}